{"id":84,"date":"2020-03-20T14:08:03","date_gmt":"2020-03-20T14:08:03","guid":{"rendered":"https:\/\/kuvis.it.fi\/?page_id=84"},"modified":"2021-01-31T15:13:33","modified_gmt":"2021-01-31T15:13:33","slug":"tervetuloa","status":"publish","type":"page","link":"https:\/\/kuvis.it.fi\/","title":{"rendered":"Tervetuloa!"},"content":{"rendered":"\n<p class=\"has-drop-cap\">Tervetuloa kuvataidekoulun et\u00e4- ja lis\u00e4teht\u00e4vien pariin. Sivuilta l\u00f6ytyy viime kev\u00e4\u00e4n 2020 teht\u00e4vi\u00e4, mutta my\u00f6s uudempaa materiaalia. Lis\u00e4ilen teht\u00e4vi\u00e4 pikkuhiljaa, joten kannattaa aina v\u00e4lill\u00e4 k\u00e4yd\u00e4 katsomassa, onko jotain uutta julkaistu. <\/p>\n\n\n\n<p>Teht\u00e4vien tekeminen on t\u00e4ysin vapaaehtoista. Jos oman kuviskoulun teht\u00e4v\u00e4t tuntuvat liian helpoilta, voit valita hommia my\u00f6s toisista ryhmist\u00e4. Osa teht\u00e4vist\u00e4 on suunnattu kaikille, osa vain tietylle porukalle. <\/p>\n\n\n\n<p>Pyrin miettim\u00e4\u00e4n teht\u00e4v\u00e4t siten, ett\u00e4 ne on helppo tehd\u00e4 kotoa l\u00f6ytyvill\u00e4 ty\u00f6v\u00e4lineill\u00e4. Jos tarvikkeiden hankkiminen on hankalaa, laittakaa viesti\u00e4, katson voisinko auttaa asiassa. <\/p>\n\n\n\n<p>Iloa et\u00e4teht\u00e4vien pariin!<\/p>\n\n\n\n<p>T. Sinikka, puh. 044 550 1544<\/p>\n","protected":false},"excerpt":{"rendered":"<p>Tervetuloa kuvataidekoulun et\u00e4- ja lis\u00e4teht\u00e4vien pariin. Sivuilta l\u00f6ytyy viime kev\u00e4\u00e4n 2020 teht\u00e4vi\u00e4, mutta my\u00f6s uudempaa materiaalia. Lis\u00e4ilen teht\u00e4vi\u00e4 pikkuhiljaa, joten kannattaa aina v\u00e4lill\u00e4 k\u00e4yd\u00e4 katsomassa, onko jotain uutta julkaistu. Teht\u00e4vien tekeminen on t\u00e4ysin vapaaehtoista. Jos oman kuviskoulun teht\u00e4v\u00e4t tuntuvat liian helpoilta, voit valita hommia my\u00f6s toisista ryhmist\u00e4. Osa teht\u00e4vist\u00e4 on suunnattu kaikille, osa vain tietylle&hellip; <a class=\"more-link\" href=\"https:\/\/kuvis.it.fi\/\">Jatka lukemista <span class=\"screen-reader-text\">Tervetuloa!<\/span><\/a><\/p>\n","protected":false},"author":2,"featured_media":0,"parent":0,"menu_order":0,"comment_status":"closed","ping_status":"closed","template":"","meta":{"footnotes":""},"class_list":["post-84","page","type-page","status-publish","hentry","entry"],"_links":{"self":[{"href":"https:\/\/kuvis.it.fi\/index.php?rest_route=\/wp\/v2\/pages\/84","targetHints":{"allow":["GET"]}}],"collection":[{"href":"https:\/\/kuvis.it.fi\/index.php?rest_route=\/wp\/v2\/pages"}],"about":[{"href":"https:\/\/kuvis.it.fi\/index.php?rest_route=\/wp\/v2\/types\/page"}],"author":[{"embeddable":true,"href":"https:\/\/kuvis.it.fi\/index.php?rest_route=\/wp\/v2\/users\/2"}],"replies":[{"embeddable":true,"href":"https:\/\/kuvis.it.fi\/index.php?rest_route=%2Fwp%2Fv2%2Fcomments&post=84"}],"version-history":[{"count":3,"href":"https:\/\/kuvis.it.fi\/index.php?rest_route=\/wp\/v2\/pages\/84\/revisions"}],"predecessor-version":[{"id":148,"href":"https:\/\/kuvis.it.fi\/index.php?rest_route=\/wp\/v2\/pages\/84\/revisions\/148"}],"wp:attachment":[{"href":"https:\/\/kuvis.it.fi\/index.php?rest_route=%2Fwp%2Fv2%2Fmedia&parent=84"}],"curies":[{"name":"wp","href":"https:\/\/api.w.org\/{rel}","templated":true}]}}