{"id":60,"date":"2020-03-19T10:46:02","date_gmt":"2020-03-19T10:46:02","guid":{"rendered":"https:\/\/kuvis.it.fi\/?page_id=60"},"modified":"2021-01-31T14:27:06","modified_gmt":"2021-01-31T14:27:06","slug":"muuta","status":"publish","type":"page","link":"https:\/\/kuvis.it.fi\/?page_id=60","title":{"rendered":"Muuta"},"content":{"rendered":"\n<p class=\"has-drop-cap\">T\u00e4nne ker\u00e4ilen kilpailuja, mielenkiintoisia linkkej\u00e4 sek\u00e4 muuta huomionarvoista<\/p>\n\n\n\n<p><strong>Kilpailut:<\/strong><\/p>\n\n\n\n<p>Vinkkaa minulle kilpailuista! Koetan ker\u00e4t\u00e4 niit\u00e4 t\u00e4nne mahdollisuuksien mukaan. \ud83d\ude42<\/p>\n\n\n\n<p> <strong>Linkkej\u00e4:<\/strong> <\/p>\n\n\n\n<p>Testaa v\u00e4rin\u00e4k\u00f6kykysi! Sivusto on englanniksi, tarkoituksena on raahata v\u00e4ripalikat riveitt\u00e4in j\u00e4rjestykseen. Ensimm\u00e4inen ja viimeinen ruutu ovat kiinte\u00e4sti paikallaan.  <a href=\"https:\/\/www.xrite.com\/hue-test\">https:\/\/www.xrite.com\/hue-test<\/a> <\/p>\n\n\n\n<p>Kansallismuseon nettiarkisto, <a href=\"https:\/\/tinyurl.com\/rcx5567\">https:\/\/tinyurl.com\/rcx5567<\/a><\/p>\n\n\n\n<p> Googlen Arts and Culture-palvelu,  <a href=\"https:\/\/artsandculture.google.com\">https:\/\/artsandculture.google.com<\/a><\/p>\n\n\n\n<p> Getty-museon avoin tietokanta,  <a href=\"https:\/\/tinyurl.com\/v63bxnk\">https:\/\/tinyurl.com\/v63bxnk<\/a>  <\/p>\n","protected":false},"excerpt":{"rendered":"<p>T\u00e4nne ker\u00e4ilen kilpailuja, mielenkiintoisia linkkej\u00e4 sek\u00e4 muuta huomionarvoista Kilpailut: Vinkkaa minulle kilpailuista! Koetan ker\u00e4t\u00e4 niit\u00e4 t\u00e4nne mahdollisuuksien mukaan. \ud83d\ude42 Linkkej\u00e4: Testaa v\u00e4rin\u00e4k\u00f6kykysi! Sivusto on englanniksi, tarkoituksena on raahata v\u00e4ripalikat riveitt\u00e4in j\u00e4rjestykseen. Ensimm\u00e4inen ja viimeinen ruutu ovat kiinte\u00e4sti paikallaan. https:\/\/www.xrite.com\/hue-test Kansallismuseon nettiarkisto, https:\/\/tinyurl.com\/rcx5567 Googlen Arts and Culture-palvelu, https:\/\/artsandculture.google.com Getty-museon avoin tietokanta, https:\/\/tinyurl.com\/v63bxnk<\/p>\n","protected":false},"author":2,"featured_media":0,"parent":0,"menu_order":0,"comment_status":"closed","ping_status":"closed","template":"","meta":{"footnotes":""},"class_list":["post-60","page","type-page","status-publish","hentry","entry"],"_links":{"self":[{"href":"https:\/\/kuvis.it.fi\/index.php?rest_route=\/wp\/v2\/pages\/60","targetHints":{"allow":["GET"]}}],"collection":[{"href":"https:\/\/kuvis.it.fi\/index.php?rest_route=\/wp\/v2\/pages"}],"about":[{"href":"https:\/\/kuvis.it.fi\/index.php?rest_route=\/wp\/v2\/types\/page"}],"author":[{"embeddable":true,"href":"https:\/\/kuvis.it.fi\/index.php?rest_route=\/wp\/v2\/users\/2"}],"replies":[{"embeddable":true,"href":"https:\/\/kuvis.it.fi\/index.php?rest_route=%2Fwp%2Fv2%2Fcomments&post=60"}],"version-history":[{"count":6,"href":"https:\/\/kuvis.it.fi\/index.php?rest_route=\/wp\/v2\/pages\/60\/revisions"}],"predecessor-version":[{"id":136,"href":"https:\/\/kuvis.it.fi\/index.php?rest_route=\/wp\/v2\/pages\/60\/revisions\/136"}],"wp:attachment":[{"href":"https:\/\/kuvis.it.fi\/index.php?rest_route=%2Fwp%2Fv2%2Fmedia&parent=60"}],"curies":[{"name":"wp","href":"https:\/\/api.w.org\/{rel}","templated":true}]}}